{"id":6767,"date":"2022-05-18T07:33:18","date_gmt":"2022-05-18T07:33:18","guid":{"rendered":"https:\/\/wordpress-421140-2727786.cloudwaysapps.com\/?page_id=6767"},"modified":"2025-06-25T12:10:25","modified_gmt":"2025-06-25T12:10:25","slug":"om-oss","status":"publish","type":"page","link":"https:\/\/riche-dev.wetail.dev\/fenix\/om-oss\/","title":{"rendered":"Om oss"},"content":{"rendered":"\n\n\t\t\t\t<img decoding=\"async\" src=\"\/wp-content\/themes\/fenix-theme\/assets\/images\/png\/otis_birds_colored_01.png\"\n\t\t\t\t     alt=\"Hero banner\"\/>\n\t\t\t\t\t\t\t\t\t<h1>Detta \u00e4r Riche Fenix<\/h1>\n\t<p>N\u00e5gon g\u00e5ng under 2021 b\u00f6rjade Matilda Jackson dr\u00f6mma om en bar p\u00e5 S\u00f6dermalm. N\u00e5got som skulle vara n\u00e4rbesl\u00e4ktat med tidigare krogar men \u00e4nd\u00e5 annorlunda. Och efter l\u00e5nga funderingar varvat med m\u00e5nga samtal f\u00f6ddes Riche Fenix.<\/p>\n<p>&nbsp;<\/p>\n<p>Det finns mycket vi l\u00e4rt oss fr\u00e5n v\u00e5r syskonkrog Riche som har serverat g\u00e4ster i \u00f6ver 100 \u00e5r och kommit att associeras med god mat, bra service och ett rikt kulturliv. Lilla Baren p\u00e5 Riche har varit en social hub p\u00e5 Nybroplan under l\u00e5ng tid och med Riche Fenix skapar vi ett till socialt rum &#8211; p\u00e5 S\u00f6dermalm.<\/p>\n\t\t\t\t<img decoding=\"async\" src=\"https:\/\/riche-dev.wetail.dev\/fenix\/wp-content\/uploads\/sites\/3\/sites\/3\/2023\/08\/riche-fenix.png\" alt=\"Riche Fenix\" itemprop=\"image\" height=\"480\" width=\"1280\" title=\"riche-fenix\" onerror=\"this.style.display='none'\" loading='lazy' \/>\n\t<p>Riche Fenix \u00e4r p\u00e5 m\u00e5nga s\u00e4tt en enkel och okomplicerad plats men med h\u00f6g kvalitet och genomt\u00e4nkta id\u00e9er som genomsyrar allt. Maten \u00e4r enkel att \u00e4ta men gjord p\u00e5 de b\u00e4sta r\u00e5varorna och ger komplexa smaker, en vinbest\u00e4llning i baren g\u00e5r snabbt att g\u00f6ra och i glaset kommer du att f\u00e5 ett noga utvalt vin precis som du vill ha det, G\u00f6tgatan 40 \u00e4r l\u00e4tt att ta sig till men existerar i ett av Sveriges rikaste omr\u00e5den p\u00e5 kultur.<\/p>\n\t\t\t\t<img decoding=\"async\" src=\"\/wp-content\/themes\/fenix-theme\/assets\/images\/png\/otis_birds_colored_02.png\" alt=\"otis_birds_colored_02.png\" itemprop=\"image\" title=\"otis_birds_colored_02.png\" onerror=\"this.style.display='none'\" loading='lazy' \/>\n\t\t<ul>\n\t\t\t\t\t\t\t<li>\n\t\t\t\t\t\n\t\t\t\t\t\t\t\t\t\t\t\t\t<source media=\"(max-width: 768px)\"\n\t\t\t\t\t\t\t\tsrcset=\"\"\/>\n\t\t\t\t\t\t\t<source media=\"(max-width: 992px)\"\n\t\t\t\t\t\t\t\tsrcset=\"\"\/>\n\t\t\t\t\t\t\t<source media=\"(min-width: 993px)\"\n\t\t\t\t\t\t\t\tsrcset=\"https:\/\/riche-dev.wetail.dev\/fenix\/wp-content\/uploads\/sites\/3\/sites\/3\/2022\/09\/fenix_ansvar_square.jpg\"\/>\n\t\t\t\t\t\t\t<img decoding=\"async\" src=\"https:\/\/riche-dev.wetail.dev\/fenix\/wp-content\/uploads\/sites\/3\/sites\/3\/2022\/09\/fenix_ansvar_square.jpg\" alt=\"l\u00e4s om hur vi tar ansvar\" title=\"fenix_ansvar_square\"\/>\n\t\t\t\t\t\t\t\t\t\t\t\n\t\t\t\t\t<h3>L\u00e4r dig mer om hur vi tar ansvar<\/h3>\n\t\t\t\t\t\t<p>Riche Fenix \u00e4r en del av Svenska Brasserier och koncernen har sedan 2017 dokumenterat h\u00e5llbarhetsarbetet i en \u00e5rlig rapport. Vill du l\u00e4sa \u00e5rets rapport eller kolla in v\u00e5r ink\u00f6pspolicy kan du g\u00f6ra det h\u00e4r.<\/p>\t\t\t\t\t\n\t\t\t\t\t\t\t\t\t\t\t<ul>\n\t\t\t\t\t\t\t\t\t\t\t\t\t\t\t<li>\n\t\t\t\t\t\t\t\t\t<a\n\t\t\t\t\t\t\t\t\t   href=\"https:\/\/riche-dev.wetail.dev\/fenix\/ansvar\/\">L\u00e4s om hur vi tar ansvar<\/a>\n\t\t\t\t\t\t\t\t<\/li>\n\t\t\t\t\t\t\t\t\t\t\t\t\t<\/ul>\n\t\t\t\t<\/li>\n\t\t\t\t\t\t\t<li>\n\t\t\t\t\t\n\t\t\t\t\t\t\t\t\t\t\t\t\t<source media=\"(max-width: 768px)\"\n\t\t\t\t\t\t\t\tsrcset=\"\"\/>\n\t\t\t\t\t\t\t<source media=\"(max-width: 992px)\"\n\t\t\t\t\t\t\t\tsrcset=\"\"\/>\n\t\t\t\t\t\t\t<source media=\"(min-width: 993px)\"\n\t\t\t\t\t\t\t\tsrcset=\"https:\/\/riche-dev.wetail.dev\/fenix\/wp-content\/uploads\/sites\/3\/sites\/3\/2022\/09\/fenix_kock_square.jpg\"\/>\n\t\t\t\t\t\t\t<img decoding=\"async\" src=\"https:\/\/riche-dev.wetail.dev\/fenix\/wp-content\/uploads\/sites\/3\/sites\/3\/2022\/09\/fenix_kock_square.jpg\" alt=\"jobba p\u00e5 riche fenix\" title=\"fenix_kock_square\"\/>\n\t\t\t\t\t\t\t\t\t\t\t\n\t\t\t\t\t<h3>Vill du jobba p\u00e5 Riche Fenix<\/h3>\n\t\t\t\t\t\t<p>Vi tillh\u00f6r en av Sveriges mest anrika restaurangkoncerner och anses av m\u00e5nga vara bland branschens absolut b\u00e4sta arbetsgivare. Klicka h\u00e4r f\u00f6r att se lediga jobb och bli en del av v\u00e5r familj.<\/p>\t\t\t\t\t\n\t\t\t\t\t\t\t\t\t\t\t<ul>\n\t\t\t\t\t\t\t\t\t\t\t\t\t\t\t<li>\n\t\t\t\t\t\t\t\t\t<a\n\t\t\t\t\t\t\t\t\t   href=\"https:\/\/jobb.svenskabrasserier.se\/jobs\">Se lediga jobb<\/a>\n\t\t\t\t\t\t\t\t<\/li>\n\t\t\t\t\t\t\t\t\t\t\t\t\t<\/ul>\n\t\t\t\t<\/li>\n\t\t\t\t\t\t\t<li>\n\t\t\t\t\t\n\t\t\t\t\t\t\t\t\t\t\t\t\t<source media=\"(max-width: 768px)\"\n\t\t\t\t\t\t\t\tsrcset=\"\"\/>\n\t\t\t\t\t\t\t<source media=\"(max-width: 992px)\"\n\t\t\t\t\t\t\t\tsrcset=\"\"\/>\n\t\t\t\t\t\t\t<source media=\"(min-width: 993px)\"\n\t\t\t\t\t\t\t\tsrcset=\"https:\/\/riche-dev.wetail.dev\/fenix\/wp-content\/uploads\/sites\/3\/sites\/3\/2024\/04\/riche-fenix-kontakt-square.jpg\"\/>\n\t\t\t\t\t\t\t<img decoding=\"async\" src=\"https:\/\/riche-dev.wetail.dev\/fenix\/wp-content\/uploads\/sites\/3\/sites\/3\/2024\/04\/riche-fenix-kontakt-square.jpg\" alt=\"Riche Fenix fasad med k\u00f6kschef William som vinkar in g\u00e4ster\" title=\"riche-fenix-kontakt-square\"\/>\n\t\t\t\t\t\t\t\t\t\t\t\n\t\t\t\t\t<h3>Kom i kontakt med oss<\/h3>\n\t\t\t\t\t\t<p>Har du gl\u00f6mt n\u00e5got i baren, vill \u00e4ndra riktning i karri\u00e4ren eller har n\u00e5gon annan fr\u00e5ga som du vill ha svar p\u00e5? Kontakta d\u00e5 oss s\u00e5 ser vi vad vi kan g\u00f6ra f\u00f6r dig.<\/p>\t\t\t\t\t\n\t\t\t\t\t\t\t\t\t\t\t<ul>\n\t\t\t\t\t\t\t\t\t\t\t\t\t\t\t<li>\n\t\t\t\t\t\t\t\t\t<a\n\t\t\t\t\t\t\t\t\t   href=\"https:\/\/riche-dev.wetail.dev\/fenix\/om-oss\/kontakta-oss\/\">Kontakta oss<\/a>\n\t\t\t\t\t\t\t\t<\/li>\n\t\t\t\t\t\t\t\t\t\t\t\t\t<\/ul>\n\t\t\t\t<\/li>\n\t\t\t\t\t<\/ul>\n\t\n\t\t\t\t\t<source media=\"(max-width: 768px)\"\n\t\t\t\tsrcset=\"\"\/>\n\t\t\t<source media=\"(max-width: 992px)\"\n\t\t\t\tsrcset=\"\"\/>\n\t\t\t<source media=\"(min-width: 993px)\"\n\t\t\t\tsrcset=\"https:\/\/riche-dev.wetail.dev\/fenix\/wp-content\/uploads\/sites\/3\/sites\/3\/2022\/07\/riche-fenix-webb-2.jpeg\"\/>\n\t\t\t<img decoding=\"async\" src=\"https:\/\/riche-dev.wetail.dev\/fenix\/wp-content\/uploads\/sites\/3\/sites\/3\/2022\/07\/riche-fenix-webb-2.jpeg\" alt=\"\" title=\"riche-fenix-webb-2\"\/>\n\t\t\t\n\t\t\t<h2>K\u00f6p presentkort hos oss<\/h2>\n\t\t\t\t<p>Ett presentkort fr\u00e5n oss g\u00e4ller p\u00e5 Svenska Brasseriers samtliga restauranger (Riche, Riche Fenix, Sturehof, Sturehof Matmarknad, Teatergrillen, Luzette, Aira, Caf\u00e9 Klotet, Pelago och Ulriksdals V\u00e4rdshus). K\u00f6p det online eller direkt fr\u00e5n oss p\u00e5 Riche Fenix.<\/p>\t\t\t\n\t\t\t\t\t\t\t<ul>\n\t\t\t\t\t\t\t\t\t\t\t<li><a\n\t\t\t\t\t\t       href=\"https:\/\/www.dittkort.se\/giftcard?guid=0a25ded8-7d25-4078-8be1-7201ef0bc43a\">K\u00f6p presentkort<\/a><\/li>\n\t\t\t\t\t\t\t\t\t<\/ul>\n<h2>\n\t\t\tVi \u00e4r en stor familj\t<\/h2>\n\tSvenska Brasserier \u00e4r samlingsnamnet f\u00f6r en familj restauranger som st\u00e5r bakom n\u00e5gra av landets b\u00e4sta och mest intressanta koncept. Vi skapar sociala samlingsplatser med stora lokaler och mycket plats, har gener\u00f6sa \u00f6ppettider, maten \u00e4r lekfull och v\u00e4llagad och alltid gjord p\u00e5 h\u00f6gklassiga r\u00e5varor.<br \/>\n\n<p>&nbsp;<\/p>\n<p>Hos oss finns goda utvecklingsm\u00f6jligheter inom koncernen och vi \u00e4r stolta \u00f6ver den h\u00e4rliga gemenskapen som finns bland v\u00e5ra medarbetare. Du f\u00e5r bra f\u00f6rm\u00e5ner i en seri\u00f6s koncern och f\u00f6r oss \u00e4r det viktigt att vi har kul p\u00e5 jobbet ihop. Svenska Brasserier har en v\u00e4rdegrund som vilar p\u00e5 orden generositet, tillg\u00e4nglighet, trov\u00e4rdighet och underh\u00e5llande.\u00a0<\/p>\n\t\t\t\t<img decoding=\"async\" src=\"\/wp-content\/themes\/riche-theme\/assets\/images\/logos\/svenska-brasserier.svg\" alt=\"svenska-brasserier.svg\" itemprop=\"image\" title=\"svenska-brasserier.svg\" onerror=\"this.style.display='none'\" loading='lazy' \/>\n\t\t\t\t<a href=\"https:\/\/sturehof.com\/\"  target=\"_self\" itemprop=\"url\">\n\t\t\t\t<img decoding=\"async\" src=\"https:\/\/riche-dev.wetail.dev\/fenix\/wp-content\/uploads\/sites\/3\/sites\/3\/2023\/01\/Sturehof_Logga_Om_oss.png\" alt=\"Sturehof_Logga_Om_oss\" itemprop=\"image\" height=\"150\" width=\"150\" title=\"Sturehof_Logga_Om_oss\" onerror=\"this.style.display='none'\" loading='lazy' \/>\n\t\t\t\t<\/a>\n\t\t\t\t<a href=\"https:\/\/www.restaurangemmer.se\/\"  target=\"_self\" itemprop=\"url\">\n\t\t\t\t<img decoding=\"async\" src=\"https:\/\/riche-dev.wetail.dev\/fenix\/wp-content\/uploads\/sites\/3\/sites\/3\/2023\/03\/Ulriksdals_vardshus_om_oss.png\" alt=\"Ulriksdals_vardshus_om_oss\" itemprop=\"image\" height=\"150\" width=\"152\" title=\"Ulriksdals_vardshus_om_oss\" onerror=\"this.style.display='none'\" loading='lazy' \/>\n\t\t\t\t<\/a>\n\t\t\t\t<a href=\"https:\/\/sturehof.com\/shop-matmarknaden\/\"  target=\"_self\" itemprop=\"url\">\n\t\t\t\t<img decoding=\"async\" src=\"https:\/\/riche-dev.wetail.dev\/fenix\/wp-content\/uploads\/sites\/3\/sites\/3\/2023\/01\/SturehofMatmarknad_Logga_Om_oss.png\" alt=\"SturehofMatmarknad_Logga_Om_oss\" itemprop=\"image\" height=\"150\" width=\"150\" title=\"SturehofMatmarknad_Logga_Om_oss\" onerror=\"this.style.display='none'\" loading='lazy' \/>\n\t\t\t\t<\/a>\n\t\t\t\t<a href=\"https:\/\/riche-dev.wetail.dev\/\"  target=\"_self\" itemprop=\"url\">\n\t\t\t\t<img decoding=\"async\" src=\"https:\/\/riche-dev.wetail.dev\/fenix\/wp-content\/uploads\/sites\/3\/sites\/3\/2023\/01\/Riche_Logga_Om_oss.png\" alt=\"Riche_Logga_Om_oss\" itemprop=\"image\" height=\"150\" width=\"150\" title=\"Riche_Logga_Om_oss\" onerror=\"this.style.display='none'\" loading='lazy' \/>\n\t\t\t\t<\/a>\n\t\t\t\t<a href=\"https:\/\/teatergrillen.se\/\"  target=\"_self\" itemprop=\"url\">\n\t\t\t\t<img decoding=\"async\" src=\"https:\/\/riche-dev.wetail.dev\/fenix\/wp-content\/uploads\/sites\/3\/sites\/3\/2023\/01\/Teatergrillen_Logga_Om_oss.png\" alt=\"Teatergrillen_Logga_Om_oss\" itemprop=\"image\" height=\"150\" width=\"150\" title=\"Teatergrillen_Logga_Om_oss\" onerror=\"this.style.display='none'\" loading='lazy' \/>\n\t\t\t\t<\/a>\n\t\t\t\t<a href=\"https:\/\/gondolen.se\/\"  target=\"_self\" itemprop=\"url\">\n\t\t\t\t<img decoding=\"async\" src=\"https:\/\/riche-dev.wetail.dev\/fenix\/wp-content\/uploads\/sites\/3\/sites\/3\/2023\/01\/Gondolen_Logga_Om_oss.png\" alt=\"Gondolen_Logga_Om_oss\" itemprop=\"image\" height=\"150\" width=\"150\" title=\"Gondolen_Logga_Om_oss\" onerror=\"this.style.display='none'\" loading='lazy' \/>\n\t\t\t\t<\/a>\n\t\t\t\t<a href=\"https:\/\/tavernabrillo.se\/\"  target=\"_self\" itemprop=\"url\">\n\t\t\t\t<img decoding=\"async\" src=\"https:\/\/riche-dev.wetail.dev\/fenix\/wp-content\/uploads\/sites\/3\/sites\/3\/2023\/01\/Tavernabrillo_Logga_Om_oss.png\" alt=\"Tavernabrillo_Logga_Om_oss\" itemprop=\"image\" height=\"150\" width=\"150\" title=\"Tavernabrillo_Logga_Om_oss\" onerror=\"this.style.display='none'\" loading='lazy' \/>\n\t\t\t\t<\/a>\n\t\t\t\t<a href=\"https:\/\/www.luzette.se\"  target=\"_self\" itemprop=\"url\">\n\t\t\t\t<img decoding=\"async\" src=\"https:\/\/riche-dev.wetail.dev\/fenix\/wp-content\/uploads\/sites\/3\/sites\/3\/2023\/01\/Luzette_Logga_Om_oss.png\" alt=\"Luzette_Logga_Om_oss\" itemprop=\"image\" height=\"150\" width=\"150\" title=\"Luzette_Logga_Om_oss\" onerror=\"this.style.display='none'\" loading='lazy' \/>\n\t\t\t\t<\/a>\n\t\t\t\t<a href=\"https:\/\/www.thehillsstockholm.se\/\"  target=\"_self\" itemprop=\"url\">\n\t\t\t\t<img decoding=\"async\" src=\"https:\/\/riche-dev.wetail.dev\/fenix\/wp-content\/uploads\/sites\/3\/sites\/3\/2023\/01\/The_hills_Logga_Om_oss.png\" alt=\"The_hills_Logga_Om_oss\" itemprop=\"image\" height=\"150\" width=\"150\" title=\"The_hills_Logga_Om_oss\" onerror=\"this.style.display='none'\" loading='lazy' \/>\n\t\t\t\t<\/a>\n\t\t\t\t<a href=\"https:\/\/aira.se\/\"  target=\"_self\" itemprop=\"url\">\n\t\t\t\t<img decoding=\"async\" src=\"https:\/\/riche-dev.wetail.dev\/fenix\/wp-content\/uploads\/sites\/3\/sites\/3\/2023\/01\/Aira_Logga_Om_oss.png\" alt=\"Aira_Logga_Om_oss\" itemprop=\"image\" height=\"150\" width=\"150\" title=\"Aira_Logga_Om_oss\" onerror=\"this.style.display='none'\" loading='lazy' \/>\n\t\t\t\t<\/a>\n\t\t\t\t<a href=\"https:\/\/riche-dev.wetail.dev\/fenix\/\"  target=\"_self\" itemprop=\"url\">\n\t\t\t\t<img decoding=\"async\" src=\"https:\/\/riche-dev.wetail.dev\/fenix\/wp-content\/uploads\/sites\/3\/sites\/3\/2023\/01\/RicheFenix_Logga_Om_oss.png\" alt=\"RicheFenix_Logga_Om_oss\" itemprop=\"image\" height=\"150\" width=\"150\" title=\"RicheFenix_Logga_Om_oss\" onerror=\"this.style.display='none'\" loading='lazy' \/>\n\t\t\t\t<\/a>\n\n","protected":false},"excerpt":{"rendered":"<p>Detta \u00e4r Riche Fenix N\u00e5gon g\u00e5ng under 2021 b\u00f6rjade Matilda Jackson dr\u00f6mma om en bar p\u00e5 S\u00f6dermalm. N\u00e5got som skulle vara n\u00e4rbesl\u00e4ktat med tidigare krogar men \u00e4nd\u00e5 annorlunda. Och efter l\u00e5nga funderingar varvat med m\u00e5nga samtal f\u00f6ddes Riche Fenix. &nbsp; Det finns mycket vi l\u00e4rt oss fr\u00e5n v\u00e5r syskonkrog Riche som har serverat g\u00e4ster i [&hellip;]<\/p>\n","protected":false},"author":2,"featured_media":0,"parent":0,"menu_order":0,"comment_status":"closed","ping_status":"closed","template":"","meta":{"_acf_changed":false,"footnotes":""},"class_list":["post-6767","page","type-page","status-publish","hentry"],"acf":[],"yoast_head":"<!-- This site is optimized with the Yoast SEO plugin v27.4 - https:\/\/yoast.com\/product\/yoast-seo-wordpress\/ -->\n<title>Om oss - Riche Fenix<\/title>\n<meta name=\"robots\" content=\"noindex, follow, max-snippet:-1, max-image-preview:large, max-video-preview:-1\" \/>\n<meta property=\"og:locale\" content=\"sv_SE\" \/>\n<meta property=\"og:type\" content=\"article\" \/>\n<meta property=\"og:title\" content=\"Om oss - Riche Fenix\" \/>\n<meta property=\"og:description\" content=\"Detta \u00e4r Riche Fenix N\u00e5gon g\u00e5ng under 2021 b\u00f6rjade Matilda Jackson dr\u00f6mma om en bar p\u00e5 S\u00f6dermalm. N\u00e5got som skulle vara n\u00e4rbesl\u00e4ktat med tidigare krogar men \u00e4nd\u00e5 annorlunda. Och efter l\u00e5nga funderingar varvat med m\u00e5nga samtal f\u00f6ddes Riche Fenix. &nbsp; Det finns mycket vi l\u00e4rt oss fr\u00e5n v\u00e5r syskonkrog Riche som har serverat g\u00e4ster i [&hellip;]\" \/>\n<meta property=\"og:url\" content=\"https:\/\/riche-dev.wetail.dev\/fenix\/om-oss\/\" \/>\n<meta property=\"og:site_name\" content=\"Riche Fenix\" \/>\n<meta property=\"article:modified_time\" content=\"2025-06-25T12:10:25+00:00\" \/>\n<meta property=\"og:image\" content=\"https:\/\/riche-dev.wetail.dev\/fenix\/wp-content\/uploads\/sites\/3\/sites\/3\/2023\/08\/riche-fenix.png\" \/>\n<meta name=\"twitter:card\" content=\"summary_large_image\" \/>\n<meta name=\"twitter:label1\" content=\"Ber\u00e4knad l\u00e4stid\" \/>\n\t<meta name=\"twitter:data1\" content=\"3 minuter\" \/>\n<script type=\"application\/ld+json\" class=\"yoast-schema-graph\">{\"@context\":\"https:\\\/\\\/schema.org\",\"@graph\":[{\"@type\":\"WebPage\",\"@id\":\"https:\\\/\\\/riche-dev.wetail.dev\\\/fenix\\\/om-oss\\\/\",\"url\":\"https:\\\/\\\/riche-dev.wetail.dev\\\/fenix\\\/om-oss\\\/\",\"name\":\"Om oss - Riche Fenix\",\"isPartOf\":{\"@id\":\"https:\\\/\\\/riche-dev.wetail.dev\\\/fenix\\\/#website\"},\"primaryImageOfPage\":{\"@id\":\"https:\\\/\\\/riche-dev.wetail.dev\\\/fenix\\\/om-oss\\\/#primaryimage\"},\"image\":{\"@id\":\"https:\\\/\\\/riche-dev.wetail.dev\\\/fenix\\\/om-oss\\\/#primaryimage\"},\"thumbnailUrl\":\"https:\\\/\\\/riche-dev.wetail.dev\\\/fenix\\\/wp-content\\\/uploads\\\/sites\\\/3\\\/sites\\\/3\\\/2023\\\/08\\\/riche-fenix.png\",\"datePublished\":\"2022-05-18T07:33:18+00:00\",\"dateModified\":\"2025-06-25T12:10:25+00:00\",\"breadcrumb\":{\"@id\":\"https:\\\/\\\/riche-dev.wetail.dev\\\/fenix\\\/om-oss\\\/#breadcrumb\"},\"inLanguage\":\"sv-SE\",\"potentialAction\":[{\"@type\":\"ReadAction\",\"target\":[\"https:\\\/\\\/riche-dev.wetail.dev\\\/fenix\\\/om-oss\\\/\"]}]},{\"@type\":\"ImageObject\",\"inLanguage\":\"sv-SE\",\"@id\":\"https:\\\/\\\/riche-dev.wetail.dev\\\/fenix\\\/om-oss\\\/#primaryimage\",\"url\":\"https:\\\/\\\/riche-dev.wetail.dev\\\/fenix\\\/wp-content\\\/uploads\\\/sites\\\/3\\\/sites\\\/3\\\/2023\\\/08\\\/riche-fenix.png\",\"contentUrl\":\"https:\\\/\\\/riche-dev.wetail.dev\\\/fenix\\\/wp-content\\\/uploads\\\/sites\\\/3\\\/sites\\\/3\\\/2023\\\/08\\\/riche-fenix.png\",\"width\":1280,\"height\":480,\"caption\":\"Riche Fenix\"},{\"@type\":\"BreadcrumbList\",\"@id\":\"https:\\\/\\\/riche-dev.wetail.dev\\\/fenix\\\/om-oss\\\/#breadcrumb\",\"itemListElement\":[{\"@type\":\"ListItem\",\"position\":1,\"name\":\"Home\",\"item\":\"https:\\\/\\\/riche-dev.wetail.dev\\\/fenix\\\/\"},{\"@type\":\"ListItem\",\"position\":2,\"name\":\"Om oss\"}]},{\"@type\":\"WebSite\",\"@id\":\"https:\\\/\\\/riche-dev.wetail.dev\\\/fenix\\\/#website\",\"url\":\"https:\\\/\\\/riche-dev.wetail.dev\\\/fenix\\\/\",\"name\":\"Riche Fenix\",\"description\":\"\",\"publisher\":{\"@id\":\"https:\\\/\\\/riche-dev.wetail.dev\\\/fenix\\\/#organization\"},\"potentialAction\":[{\"@type\":\"SearchAction\",\"target\":{\"@type\":\"EntryPoint\",\"urlTemplate\":\"https:\\\/\\\/riche-dev.wetail.dev\\\/fenix\\\/?s={search_term_string}\"},\"query-input\":{\"@type\":\"PropertyValueSpecification\",\"valueRequired\":true,\"valueName\":\"search_term_string\"}}],\"inLanguage\":\"sv-SE\"},{\"@type\":\"Organization\",\"@id\":\"https:\\\/\\\/riche-dev.wetail.dev\\\/fenix\\\/#organization\",\"name\":\"Riche Fenix\",\"url\":\"https:\\\/\\\/riche-dev.wetail.dev\\\/fenix\\\/\",\"logo\":{\"@type\":\"ImageObject\",\"inLanguage\":\"sv-SE\",\"@id\":\"https:\\\/\\\/riche-dev.wetail.dev\\\/fenix\\\/#\\\/schema\\\/logo\\\/image\\\/\",\"url\":\"https:\\\/\\\/riche-dev.wetail.dev\\\/fenix\\\/wp-content\\\/uploads\\\/sites\\\/3\\\/sites\\\/3\\\/2022\\\/08\\\/cropped-cropped-cropped-Riche-Fenix_Symbol_RGB_Black_Round-e1660316695957.png\",\"contentUrl\":\"https:\\\/\\\/riche-dev.wetail.dev\\\/fenix\\\/wp-content\\\/uploads\\\/sites\\\/3\\\/sites\\\/3\\\/2022\\\/08\\\/cropped-cropped-cropped-Riche-Fenix_Symbol_RGB_Black_Round-e1660316695957.png\",\"width\":512,\"height\":512,\"caption\":\"Riche Fenix\"},\"image\":{\"@id\":\"https:\\\/\\\/riche-dev.wetail.dev\\\/fenix\\\/#\\\/schema\\\/logo\\\/image\\\/\"}}]}<\/script>\n<!-- \/ Yoast SEO plugin. -->","yoast_head_json":{"title":"Om oss - Riche Fenix","robots":{"index":"noindex","follow":"follow","max-snippet":"max-snippet:-1","max-image-preview":"max-image-preview:large","max-video-preview":"max-video-preview:-1"},"og_locale":"sv_SE","og_type":"article","og_title":"Om oss - Riche Fenix","og_description":"Detta \u00e4r Riche Fenix N\u00e5gon g\u00e5ng under 2021 b\u00f6rjade Matilda Jackson dr\u00f6mma om en bar p\u00e5 S\u00f6dermalm. N\u00e5got som skulle vara n\u00e4rbesl\u00e4ktat med tidigare krogar men \u00e4nd\u00e5 annorlunda. Och efter l\u00e5nga funderingar varvat med m\u00e5nga samtal f\u00f6ddes Riche Fenix. &nbsp; Det finns mycket vi l\u00e4rt oss fr\u00e5n v\u00e5r syskonkrog Riche som har serverat g\u00e4ster i [&hellip;]","og_url":"https:\/\/riche-dev.wetail.dev\/fenix\/om-oss\/","og_site_name":"Riche Fenix","article_modified_time":"2025-06-25T12:10:25+00:00","og_image":[{"url":"https:\/\/riche-dev.wetail.dev\/fenix\/wp-content\/uploads\/sites\/3\/sites\/3\/2023\/08\/riche-fenix.png","type":"","width":"","height":""}],"twitter_card":"summary_large_image","twitter_misc":{"Ber\u00e4knad l\u00e4stid":"3 minuter"},"schema":{"@context":"https:\/\/schema.org","@graph":[{"@type":"WebPage","@id":"https:\/\/riche-dev.wetail.dev\/fenix\/om-oss\/","url":"https:\/\/riche-dev.wetail.dev\/fenix\/om-oss\/","name":"Om oss - Riche Fenix","isPartOf":{"@id":"https:\/\/riche-dev.wetail.dev\/fenix\/#website"},"primaryImageOfPage":{"@id":"https:\/\/riche-dev.wetail.dev\/fenix\/om-oss\/#primaryimage"},"image":{"@id":"https:\/\/riche-dev.wetail.dev\/fenix\/om-oss\/#primaryimage"},"thumbnailUrl":"https:\/\/riche-dev.wetail.dev\/fenix\/wp-content\/uploads\/sites\/3\/sites\/3\/2023\/08\/riche-fenix.png","datePublished":"2022-05-18T07:33:18+00:00","dateModified":"2025-06-25T12:10:25+00:00","breadcrumb":{"@id":"https:\/\/riche-dev.wetail.dev\/fenix\/om-oss\/#breadcrumb"},"inLanguage":"sv-SE","potentialAction":[{"@type":"ReadAction","target":["https:\/\/riche-dev.wetail.dev\/fenix\/om-oss\/"]}]},{"@type":"ImageObject","inLanguage":"sv-SE","@id":"https:\/\/riche-dev.wetail.dev\/fenix\/om-oss\/#primaryimage","url":"https:\/\/riche-dev.wetail.dev\/fenix\/wp-content\/uploads\/sites\/3\/sites\/3\/2023\/08\/riche-fenix.png","contentUrl":"https:\/\/riche-dev.wetail.dev\/fenix\/wp-content\/uploads\/sites\/3\/sites\/3\/2023\/08\/riche-fenix.png","width":1280,"height":480,"caption":"Riche Fenix"},{"@type":"BreadcrumbList","@id":"https:\/\/riche-dev.wetail.dev\/fenix\/om-oss\/#breadcrumb","itemListElement":[{"@type":"ListItem","position":1,"name":"Home","item":"https:\/\/riche-dev.wetail.dev\/fenix\/"},{"@type":"ListItem","position":2,"name":"Om oss"}]},{"@type":"WebSite","@id":"https:\/\/riche-dev.wetail.dev\/fenix\/#website","url":"https:\/\/riche-dev.wetail.dev\/fenix\/","name":"Riche Fenix","description":"","publisher":{"@id":"https:\/\/riche-dev.wetail.dev\/fenix\/#organization"},"potentialAction":[{"@type":"SearchAction","target":{"@type":"EntryPoint","urlTemplate":"https:\/\/riche-dev.wetail.dev\/fenix\/?s={search_term_string}"},"query-input":{"@type":"PropertyValueSpecification","valueRequired":true,"valueName":"search_term_string"}}],"inLanguage":"sv-SE"},{"@type":"Organization","@id":"https:\/\/riche-dev.wetail.dev\/fenix\/#organization","name":"Riche Fenix","url":"https:\/\/riche-dev.wetail.dev\/fenix\/","logo":{"@type":"ImageObject","inLanguage":"sv-SE","@id":"https:\/\/riche-dev.wetail.dev\/fenix\/#\/schema\/logo\/image\/","url":"https:\/\/riche-dev.wetail.dev\/fenix\/wp-content\/uploads\/sites\/3\/sites\/3\/2022\/08\/cropped-cropped-cropped-Riche-Fenix_Symbol_RGB_Black_Round-e1660316695957.png","contentUrl":"https:\/\/riche-dev.wetail.dev\/fenix\/wp-content\/uploads\/sites\/3\/sites\/3\/2022\/08\/cropped-cropped-cropped-Riche-Fenix_Symbol_RGB_Black_Round-e1660316695957.png","width":512,"height":512,"caption":"Riche Fenix"},"image":{"@id":"https:\/\/riche-dev.wetail.dev\/fenix\/#\/schema\/logo\/image\/"}}]}},"_links":{"self":[{"href":"https:\/\/riche-dev.wetail.dev\/fenix\/wp-json\/wp\/v2\/pages\/6767","targetHints":{"allow":["GET"]}}],"collection":[{"href":"https:\/\/riche-dev.wetail.dev\/fenix\/wp-json\/wp\/v2\/pages"}],"about":[{"href":"https:\/\/riche-dev.wetail.dev\/fenix\/wp-json\/wp\/v2\/types\/page"}],"author":[{"embeddable":true,"href":"https:\/\/riche-dev.wetail.dev\/fenix\/wp-json\/wp\/v2\/users\/2"}],"replies":[{"embeddable":true,"href":"https:\/\/riche-dev.wetail.dev\/fenix\/wp-json\/wp\/v2\/comments?post=6767"}],"version-history":[{"count":5,"href":"https:\/\/riche-dev.wetail.dev\/fenix\/wp-json\/wp\/v2\/pages\/6767\/revisions"}],"predecessor-version":[{"id":15648,"href":"https:\/\/riche-dev.wetail.dev\/fenix\/wp-json\/wp\/v2\/pages\/6767\/revisions\/15648"}],"wp:attachment":[{"href":"https:\/\/riche-dev.wetail.dev\/fenix\/wp-json\/wp\/v2\/media?parent=6767"}],"curies":[{"name":"wp","href":"https:\/\/api.w.org\/{rel}","templated":true}]}}