{"id":12147,"date":"2022-03-09T13:49:58","date_gmt":"2022-03-09T13:49:58","guid":{"rendered":"https:\/\/wordpress-421140-2727786.cloudwaysapps.com\/?page_id=2"},"modified":"2026-02-27T14:18:35","modified_gmt":"2026-02-27T14:18:35","slug":"sample-page-2","status":"publish","type":"page","link":"https:\/\/riche-dev.wetail.dev\/fenix\/","title":{"rendered":"Hem"},"content":{"rendered":"\n\n\t\t\t\t\t\t\t\t\t<h1>V\u00e4lkommen till Riche Fenix<\/h1>\n\t\t\t\t\t\t<p>En utekv\u00e4ll \u00e4r i regel mer \u00e4n bara en utekv\u00e4ll, den kan vara fylld av l\u00e4ngtan och f\u00f6rhoppningar, ov\u00e4ntade m\u00f6ten och v\u00e4ntade \u00f6verraskningar. Riche Fenix \u00e4r en bar och ligger p\u00e5 G\u00f6tgatan 40 i Stockholm. Hit \u00e4r det enkelt att ta sig och du kommer sannolikt aldrig vilja g\u00e5 hem.\u00a0<strong>Boka bord hos oss eller sv\u00e4ng f\u00f6rbi spontant!<\/strong><\/p>\t\t\t\t\t\n\t\t\t\t\t\t\t\t\t\t\t\t\t\t\t\t\t\t<ul>\n\t\t\t\t\t\t\t\t\t\t\t\t\t\t\t\t\t\t\t\t\t\t\t\t\t\t\t\t\t\t\t\t\t\t<li>\n\t\t\t\t\t\t\t\t<a\n                                   href=\"https:\/\/app.bokabord.se\/reservation\/?hash=c59fc0f8ca3fe66f50933cc7d5b48c41\" =>Boka bord<\/a>\n\t\t\t\t\t\t\t<\/li>\n\t\t\t\t\t\t\t\t\t\t\t<\/ul>\n\t\n\t\t\t\t\t<source media=\"(max-width: 768px)\"\n\t\t\t\tsrcset=\"\"\/>\n\t\t\t<source media=\"(max-width: 992px)\"\n\t\t\t\tsrcset=\"\"\/>\n\t\t\t<source media=\"(min-width: 993px)\"\n\t\t\t\tsrcset=\"https:\/\/riche-dev.wetail.dev\/fenix\/wp-content\/uploads\/sites\/3\/sites\/3\/2025\/09\/brunch-fenix-webb.jpg\"\/>\n\t\t\t<img decoding=\"async\" src=\"https:\/\/riche-dev.wetail.dev\/fenix\/wp-content\/uploads\/sites\/3\/sites\/3\/2025\/09\/brunch-fenix-webb.jpg\" alt=\"Brunch p\u00e5 Riche Fenix i Stockholm - Croque Madamde\" title=\"brunch-fenix-webb\"\/>\n\t\t\t\n\t\t\t<h2>Brunch p\u00e5 Fenix<\/h2>\n\t\t\t\t<p>Eftersom helgen \u00e4r till f\u00f6r att \u00e4ta gott och b\u00e4rsa med kompisarna erbjuder vi brunch varje l\u00f6rdag fr\u00e5n kl. 12:00. Vi serverar \u00e4ven r\u00e4tter fr\u00e5n v\u00e5r ordinarie menyn under brunchen. Kom f\u00f6rbi!<\/p>\t\t\t\n\t\t\t\t\t\t\t<ul>\n\t\t\t\t\t\t\t\t\t\t\t<li><a\n\t\t\t\t\t\t       href=\"https:\/\/riche-dev.wetail.dev\/fenix\/meny\/\">L\u00e4s mer och boka<\/a><\/li>\n\t\t\t\t\t\t\t\t\t<\/ul>\n\t<ul>\n\t\t<li>\n\t\t\t\n\t\t\t\t\t\t\t\t\t<source media=\"(max-width: 768px)\"\n\t\t\t\t\t\tsrcset=\"\"\/>\n\t\t\t\t\t<source media=\"(max-width: 992px)\"\n\t\t\t\t\t\tsrcset=\"\"\/>\n\t\t\t\t\t<source media=\"(min-width: 993px)\"\n\t\t\t\t\t\tsrcset=\"https:\/\/riche-dev.wetail.dev\/fenix\/wp-content\/uploads\/sites\/3\/sites\/3\/2022\/09\/fenix_mat_webb-1.jpg\"\/>\n\t\t\t\t\t<img decoding=\"async\" src=\"https:\/\/riche-dev.wetail.dev\/fenix\/wp-content\/uploads\/sites\/3\/sites\/3\/2022\/09\/fenix_mat_webb-1.jpg\" alt=\"\" title=\"fenix_mat_webb\"\/>\n\t\t\t\t\t\t\t\n\t\t\t\t\t\t<h2>Maten p\u00e5 Riche Fenix<\/h2>\n\t\t\t\t\t\t\t<p>Maten hos oss kommer fr\u00e5n en lekfull plats. Vi h\u00e4mtar influenser fr\u00e5n hela v\u00e4rlden och de kreativa r\u00e4tterna p\u00e5 menyn ska vara enkla att \u00e4ta.<\/p>\t\t\t\t\t\t\n\t\t\t\t\t\t\t\t\t\t\t\t\t<ul>\n\t\t\t\t\t\t\t\t\t\t\t\t\t\t\t\t\t<li><a\n\t\t\t\t\t\t\t\t\t       href=\"https:\/\/riche-dev.wetail.dev\/fenix\/meny\/\">Se v\u00e5r meny<\/a><\/li>\n\t\t\t\t\t\t\t\t\t\t\t\t\t\t\t<\/ul>\n\t\t<\/li>\n\t\t<li>\n\t\t\t\n\t\t\t\t\t\t\t\t\t<source media=\"(max-width: 768px)\"\n\t\t\t\t\t\tsrcset=\"\"\/>\n\t\t\t\t\t<source media=\"(max-width: 992px)\"\n\t\t\t\t\t\tsrcset=\"\"\/>\n\t\t\t\t\t<source media=\"(min-width: 993px)\"\n\t\t\t\t\t\tsrcset=\"https:\/\/riche-dev.wetail.dev\/fenix\/wp-content\/uploads\/sites\/3\/sites\/3\/2022\/09\/konst_webb.jpg\"\/>\n\t\t\t\t\t<img decoding=\"async\" src=\"https:\/\/riche-dev.wetail.dev\/fenix\/wp-content\/uploads\/sites\/3\/sites\/3\/2022\/09\/konst_webb.jpg\" alt=\"\" title=\"konst_webb\"\/>\n\t\t\t\t\t\t\t\n\t\t\t\t\t\t<h2>Konsten hos oss<\/h2>\n\t\t\t\t\t\t\t<p>Vi har en bar mitt i ett galleri. Riche Fenix \u00e4r alltid \u00e4r i f\u00f6r\u00e4ndring och du kommer att kunna uppt\u00e4cka nya detaljer vid varje bes\u00f6k.<\/p>\t\t\t\t\t\t\n\t\t\t\t\t\t\t\t\t\t\t\t\t<ul>\n\t\t\t\t\t\t\t\t\t\t\t\t\t\t\t\t\t<li><a\n\t\t\t\t\t\t\t\t\t       href=\"https:\/\/riche-dev.wetail.dev\/fenix\/art\/\">L\u00e4s mer om v\u00e5r konst<\/a><\/li>\n\t\t\t\t\t\t\t\t\t\t\t\t\t\t\t<\/ul>\n\t\t<\/li>\n\t<\/ul>\n\t\t\t\t<h2>Detta h\u00e4nder p\u00e5 Riche Fenix<\/h2>\n\t\t<article\n\t\t\tclass=\"event event-type-musik visible event-0 swiper-slide\">\n\t\t\t<a href=\"https:\/\/riche-dev.wetail.dev\/fenix\/kalendarium\/martin-arkivet-podcast\/\" title=\"Martin (Arkivet podcast)\">\n\t\t\t\t\t\t<img decoding=\"async\" src=\"https:\/\/riche-dev.wetail.dev\/fenix\/wp-content\/uploads\/sites\/3\/sites\/3\/2025\/11\/image0.jpeg\" alt=\"preview image\"\/>\t\t\t\t\t\n\t\t\tFredag 27\/02\t\t\t\t\t\t\t\t\t\t\t\t | Riche Fenix\n\t\t\t\t\t\t\t\t\t\t\t\t\t | Musik\n\t\t\t\t\t\t\t<h6>Martin (Arkivet podcast)<\/h6>\n\t\t\t\t\t\t\t\t\t\t\t<p>Martin (Arkivet podcast) bjuder p\u00e5 psykedelia, hippie rock och prog(g) fr\u00e5n en tid d\u00e5 revolutionen l\u00e5g i luften, kollektivet var det centrala och musiken \u00e4mnad att vidga dina sinnen. 22-01<\/p>\n\t\t\t<\/a>\n\t\t<\/article>\n\t\t<article\n\t\t\tclass=\"event event-type-musik visible event-0 swiper-slide\">\n\t\t\t<a href=\"https:\/\/riche-dev.wetail.dev\/fenix\/kalendarium\/rigo-topaz-kim-dansgren\/\" title=\"Rigo Topaz &amp; Kim Dansgren\">\n\t\t\t\t\t\t<img decoding=\"async\" src=\"https:\/\/riche-dev.wetail.dev\/fenix\/wp-content\/uploads\/sites\/3\/sites\/3\/2026\/02\/14ebccaa-3b74-4082-bca9-2128c7170c71.jpeg\" alt=\"preview image\"\/>\t\t\t\t\t\n\t\t\tL\u00f6rdag 28\/02\t\t\t\t\t\t\t\t\t\t\t\t | Riche Fenix\n\t\t\t\t\t\t\t\t\t\t\t\t\t | Musik\n\t\t\t\t\t\t\t<h6>Rigo Topaz &amp; Kim Dansgren<\/h6>\n\t\t\t\t\t\t\t\t\t\t\tDancehall-execution &amp; Rub-a-Dub revenge med Rigo Topaz &amp; Kim Dansgren p\u00e5 Fenix nu p\u00e5 l\u00f6rdag!\n22-01\n\t\t\t<\/a>\n\t\t<\/article>\n\t\t<article\n\t\t\tclass=\"event event-type-musik visible event-0 swiper-slide\">\n\t\t\t<a href=\"https:\/\/riche-dev.wetail.dev\/fenix\/kalendarium\/dom-thomas-uk\/\" title=\"AW - Dom Thomas (UK)\">\n\t\t\t\t\t\t<img decoding=\"async\" src=\"https:\/\/riche-dev.wetail.dev\/fenix\/wp-content\/uploads\/sites\/3\/sites\/3\/2024\/10\/original-5C60013A-0C56-433E-80EE-A4B1A5B44902.jpeg\" alt=\"preview image\"\/>\t\t\t\t\t\n\t\t\tFredag 6\/03\t\t\t\t\t\t\t\t\t\t\t\t | Riche Fenix\n\t\t\t\t\t\t\t\t\t\t\t\t\t | Musik\n\t\t\t\t\t\t\t<h6>AW &#8211; Dom Thomas (UK)<\/h6>\n\t\t\t\t\t\t\t\t\t\t\tWe are proud to have the legendary musician, record collector and dj from Manchester at Fenix for this Saturday evening!\n17-21\n\t\t\t<\/a>\n\t\t<\/article>\n\t\t<article\n\t\t\tclass=\"event event-type-musik visible event-0 swiper-slide\">\n\t\t\t<a href=\"https:\/\/riche-dev.wetail.dev\/fenix\/kalendarium\/fredrika-ribbing\/\" title=\"Fredrika Ribbing\">\n\t\t\t\t\t\t<img decoding=\"async\" src=\"https:\/\/riche-dev.wetail.dev\/fenix\/wp-content\/uploads\/sites\/3\/sites\/3\/2023\/04\/DSC05950-scaled.jpg\" alt=\"preview image\"\/>\t\t\t\t\t\n\t\t\tFredag 6\/03\t\t\t\t\t\t\t\t\t\t\t\t | Riche Fenix\n\t\t\t\t\t\t\t\t\t\t\t\t\t | Musik\n\t\t\t\t\t\t\t<h6>Fredrika Ribbing<\/h6>\n\t\t\t\t\t\t\t\t\t\t\t<p>Fredrika Ribbing delar ut en mix av psychrock och bangers. Lou Reed m\u00f6ter Brasilien. Shoegaze m\u00f6ter disco. 22-01<\/p>\n\t\t\t<\/a>\n\t\t<\/article>\n\t\t\t<a href=\"https:\/\/riche-dev.wetail.dev\/fenix\/kalendarium\/\">Till kalendariet<\/a>\n\t\n\t\t\t\t\t<source media=\"(max-width: 768px)\"\n\t\t\t\tsrcset=\"https:\/\/riche-dev.wetail.dev\/fenix\/wp-content\/uploads\/sites\/3\/sites\/3\/2022\/08\/otis_birds_colored_02-2-1.png\"\/>\n\t\t\t<source media=\"(max-width: 992px)\"\n\t\t\t\tsrcset=\"http:\/\/multisite.loc\/fenix\/wp-content\/uploads\/sites\/3\/2022\/07\/otis_birds_colored_02-2.png\"\/>\n\t\t\t<source media=\"(min-width: 993px)\"\n\t\t\t\tsrcset=\"https:\/\/riche-dev.wetail.dev\/fenix\/wp-content\/uploads\/sites\/3\/sites\/3\/2022\/08\/otis_birds_colored_02-2-1.png\"\/>\n\t\t\t<img decoding=\"async\" src=\"https:\/\/riche-dev.wetail.dev\/fenix\/wp-content\/uploads\/sites\/3\/sites\/3\/2022\/08\/otis_birds_colored_02-2-1.png\" alt=\"\" title=\"otis_birds_colored_02 2\"\/>\n\t\t\t\n\t\t\t<h2>Vi h\u00e5ller kontakten<\/h2>\n\t\t\t\t<p>Riche Fenix sover aldrig, \u00e4ven om vi beh\u00f6ver ha st\u00e4ngt vissa tider. S\u00e5 f\u00f6lj det st\u00e4ndiga fl\u00f6det av kreativa gastronomiska uttryck och kulturevenemang genom att signa upp dig p\u00e5 nyhetsbrevet.<div class=\"fl-builder-content fl-builder-content-241 fl-builder-template fl-builder-module-template fl-builder-global-templates-locked\" data-post-id=\"241\"><div class=\"fl-module fl-module-contact-form fl-node-gcxepy0slnd7 subscribe-block-form\" data-node=\"gcxepy0slnd7\">\n\t<div class=\"fl-module-content fl-node-content\">\n\t\t<form class=\"fl-contact-form\" data-template-id=\"geza387dhlqr\" data-template-node-id=\"gcxepy0slnd7\">\t<input type=\"hidden\" id=\"fl-contact-form-nonce\" name=\"fl-contact-form-nonce\" value=\"4aa0209638\" \/><input type=\"hidden\" name=\"_wp_http_referer\" value=\"\/fenix\/wp-json\/wp\/v2\/pages\/12147\" \/>\t<input type=\"hidden\" name=\"fl-layout-id\" value=\"12147\" \/>\r\n\t\t\t\t<div class=\"fl-input-group fl-email\">\r\n\t\t<label for=\"fl-email\"  class=\"fl-contact-form-label-hidden\">Din e-postadress*<\/label>\r\n\t\t<span class=\"fl-contact-error\" id=\"email-error\">Var god ange en giltig email-adress.<\/span>\r\n\t\t<input type=\"email\" id=\"fl-email\" aria-describedby=\"email-error\" name=\"fl-email\" value=\"\" placeholder=\"Din e-postadress*\" \/>\r\n\t<\/div>\r\n\t\t\t<div class=\"fl-input-group fl-message\">\r\n\t\t<label for=\"fl-message\"  class=\"fl-contact-form-label-hidden\">Your message<\/label>\r\n\t\t<span class=\"fl-contact-error\" id=\"message-error\">Var god ange ett meddelande.<\/span>\r\n\t\t<textarea id=\"fl-message\" name=\"fl-message\" aria-describedby=\"message-error\" placeholder=\"Your message\"><\/textarea>\r\n\t<\/div>\r\n\t\t<div  class=\"fl-button-wrap fl-button-width-full fl-button-left\">\n\t\t\t<a href=\"#\" target=\"_self\" class=\"fl-button\">\n\t\t\t\t\t\t\t<span class=\"fl-button-text\">Skicka<\/span>\n\t\t\t\t\t<\/a>\n\t<\/div>\n\t<div class=\"fl-input-group fl-terms-checkbox\">\r\n\t\t<label for=\"fl-terms-checkbox-gcxepy0slnd7\">\r\n\t\t\t<input type=\"checkbox\" class=\"checkbox-inline\" id=\"fl-terms-checkbox-gcxepy0slnd7\" name=\"fl-terms-checkbox\" value=\"1\" \/>Ja tack, jag vill ta emot nyhetsbrev och erbjudanden fr\u00e5n Fenix och accepterar <a href=\"\" target=\"_blank\">integritetspolicyn<\/a><\/label>\r\n\t\t<span class=\"fl-contact-error\">Du m\u00e5ste acceptera villkoren.<\/span>\r\n\t<\/div>\r\n\t\t\t<span class=\"fl-success-none\" style=\"display:none;\">Meddelande skickat!<\/span>\r\n\t\r\n\t<span class=\"fl-send-error\" style=\"display:none;\">Meddelande misslyckades. Var god f\u00f6rs\u00f6k igen.<\/span>\r\n<\/form>\r\n\t<\/div>\n<\/div>\n<\/div><\/p>\t\t\t\n\t\n\t\t\t\t\t<source media=\"(max-width: 768px)\"\n\t\t\t\tsrcset=\"\"\/>\n\t\t\t<source media=\"(max-width: 992px)\"\n\t\t\t\tsrcset=\"\"\/>\n\t\t\t<source media=\"(min-width: 993px)\"\n\t\t\t\tsrcset=\"https:\/\/riche-dev.wetail.dev\/fenix\/wp-content\/uploads\/sites\/3\/sites\/3\/2025\/06\/fenix-event-webb.jpg\"\/>\n\t\t\t<img decoding=\"async\" src=\"https:\/\/riche-dev.wetail.dev\/fenix\/wp-content\/uploads\/sites\/3\/sites\/3\/2025\/06\/fenix-event-webb.jpg\" alt=\"\" title=\"fenix-event-webb\"\/>\n\t\t\t\n\t\t\t<h2>Event p\u00e5 Riche Fenix<\/h2>\n\t\t\t\t<p>Vill du arrangera ett event p\u00e5 Riche Fenix? P\u00e5 s\u00f6ndagar erbjuder vi exklusiv uthyrning av v\u00e5r restaurang. Vi kan skapa en sittande middag f\u00f6r upp till 65 personer eller st\u00e5ende mingel f\u00f6r upp till 150 personer. Vi anpassar sj\u00e4lvklart menyn efter dina \u00f6nskem\u00e5l och kan hj\u00e4lpa dig att boka en DJ f\u00f6r att skapa r\u00e4tt musikst\u00e4mning.<\/p>\t\t\t\n\t\t\t\t\t\t\t<ul>\n\t\t\t\t\t\t\t\t\t\t\t<li><a\n\t\t\t\t\t\t       href=\"https:\/\/riche-dev.wetail.dev\/fenix\/event\/\">L\u00e4s mer och kontakta oss<\/a><\/li>\n\t\t\t\t\t\t\t\t\t<\/ul>\n\t\n\t\t\t\t\t<source media=\"(max-width: 768px)\"\n\t\t\t\tsrcset=\"\"\/>\n\t\t\t<source media=\"(max-width: 992px)\"\n\t\t\t\tsrcset=\"\"\/>\n\t\t\t<source media=\"(min-width: 993px)\"\n\t\t\t\tsrcset=\"https:\/\/riche-dev.wetail.dev\/fenix\/wp-content\/uploads\/sites\/3\/sites\/3\/2022\/07\/riche-fenix-webb-1.jpeg\"\/>\n\t\t\t<img decoding=\"async\" src=\"https:\/\/riche-dev.wetail.dev\/fenix\/wp-content\/uploads\/sites\/3\/sites\/3\/2022\/07\/riche-fenix-webb-1.jpeg\" alt=\"\" title=\"riche-fenix-webb-1\"\/>\n\t\t\t\n\t\t\t<h2>Ge bort en upplevelse p\u00e5 Riche Fenix<\/h2>\n\t\t\t\t<p>Ett presentkort fr\u00e5n oss g\u00e4ller p\u00e5 Svenska Brasseriers samtliga restauranger (Riche, Riche Fenix, Sturehof, Sturehof Matmarknad, Teatergrillen, Luzette, AIRA, Gondolen, Caf\u00e9 Klotet, Pelago, The Hills och Ulriksdals V\u00e4rdshus). K\u00f6p det online eller direkt fr\u00e5n oss p\u00e5 Riche Fenix.<\/p>\t\t\t\n\t\t\t\t\t\t\t<ul>\n\t\t\t\t\t\t\t\t\t\t\t<li><a\n\t\t\t\t\t\t       href=\"https:\/\/www.dittkort.se\/giftcard?guid=0a25ded8-7d25-4078-8be1-7201ef0bc43a\">K\u00f6p presentkort<\/a><\/li>\n\t\t\t\t\t\t\t\t\t<\/ul>\n\t\n\t\t\t\t\t<source media=\"(max-width: 768px)\"\n\t\t\t\tsrcset=\"\"\/>\n\t\t\t<source media=\"(max-width: 992px)\"\n\t\t\t\tsrcset=\"\"\/>\n\t\t\t<source media=\"(min-width: 993px)\"\n\t\t\t\tsrcset=\"https:\/\/riche-dev.wetail.dev\/fenix\/wp-content\/uploads\/sites\/3\/sites\/3\/2022\/07\/riche-fenix-webb-7.jpeg\"\/>\n\t\t\t<img decoding=\"async\" src=\"https:\/\/riche-dev.wetail.dev\/fenix\/wp-content\/uploads\/sites\/3\/sites\/3\/2022\/07\/riche-fenix-webb-7.jpeg\" alt=\"\" title=\"riche-fenix-webb-7\"\/>\n\t\t\t\n\t\t\t<h2>Riche Fenix \u00e4r en bar&#8230;<\/h2>\n\t\t\t\t<p>&#8230;och \u00e4nd\u00e5 v\u00e4ldigt mycket mer. Det \u00e4r p\u00e5 m\u00e5nga s\u00e4tt enkel en och okomplicerad plats men med h\u00f6g kvalitet och genomt\u00e4nkta id\u00e9er som genomsyrar allt.\u00a0<\/p>\t\t\t\n\t\t\t\t\t\t\t<ul>\n\t\t\t\t\t\t\t\t\t\t\t<li><a\n\t\t\t\t\t\t       href=\"https:\/\/riche-dev.wetail.dev\/fenix\/om-oss\/\">L\u00e4s mer om oss<\/a><\/li>\n\t\t\t\t\t\t\t\t\t<\/ul>\n\t\n\t\t\t\t\t<source media=\"(max-width: 768px)\"\n\t\t\t\tsrcset=\"\"\/>\n\t\t\t<source media=\"(max-width: 992px)\"\n\t\t\t\tsrcset=\"\"\/>\n\t\t\t<source media=\"(min-width: 993px)\"\n\t\t\t\tsrcset=\"https:\/\/riche-dev.wetail.dev\/fenix\/wp-content\/uploads\/sites\/3\/sites\/3\/2022\/09\/riche_exterior_webb.jpg\"\/>\n\t\t\t<img decoding=\"async\" src=\"https:\/\/riche-dev.wetail.dev\/fenix\/wp-content\/uploads\/sites\/3\/sites\/3\/2022\/09\/riche_exterior_webb.jpg\" alt=\"riche\" title=\"riche_exterior_webb\"\/>\n\t\t\t\n\t\t\t<h2>Riche<\/h2>\n\t\t\t\t<p>V\u00e5rt \u00e4ldre syskon heter Riche, bara Riche, och har varit en sj\u00e4lvklar samlingsplats i Stockholm i \u00f6ver 100 \u00e5r. S\u00e5 \u00e4r du p\u00e5 andra sidan stan kan vi varmt rekommendera ett bes\u00f6k.<\/p>\t\t\t\n\t\t\t\t\t\t\t<ul>\n\t\t\t\t\t\t\t\t\t\t\t<li><a\n\t\t\t\t\t\t       href=\"https:\/\/riche-dev.wetail.dev\/\">Bes\u00f6k Riche<\/a><\/li>\n\t\t\t\t\t\t\t\t\t<\/ul>\n\n","protected":false},"excerpt":{"rendered":"<p>V\u00e4lkommen till Riche Fenix En utekv\u00e4ll \u00e4r i regel mer \u00e4n bara en utekv\u00e4ll, den kan vara fylld av l\u00e4ngtan och f\u00f6rhoppningar, ov\u00e4ntade m\u00f6ten och v\u00e4ntade \u00f6verraskningar. Riche Fenix \u00e4r en bar och ligger p\u00e5 G\u00f6tgatan 40 i Stockholm. Hit \u00e4r det enkelt att ta sig och du kommer sannolikt aldrig vilja g\u00e5 hem.\u00a0Boka bord [&hellip;]<\/p>\n","protected":false},"author":2,"featured_media":0,"parent":0,"menu_order":0,"comment_status":"closed","ping_status":"open","template":"","meta":{"_acf_changed":false,"footnotes":""},"class_list":["post-12147","page","type-page","status-publish","hentry"],"acf":[],"yoast_head":"<!-- This site is optimized with the Yoast SEO plugin v27.5 - https:\/\/yoast.com\/product\/yoast-seo-wordpress\/ -->\n<title>Riche Fenix \u2013 Boka bord \u2013 G\u00f6tgatan 40 i Stockholm<\/title>\n<meta name=\"description\" content=\"Riche Fenix \u00e4r en bar och restaurang som ligger p\u00e5 G\u00f6tgatan 40. Hit \u00e4r det enkelt att ta sig och du kommer sannolikt aldrig vilja g\u00e5 hem.\" \/>\n<meta name=\"robots\" content=\"noindex, follow, max-snippet:-1, max-image-preview:large, max-video-preview:-1\" \/>\n<meta property=\"og:locale\" content=\"sv_SE\" \/>\n<meta property=\"og:type\" content=\"article\" \/>\n<meta property=\"og:title\" content=\"Riche Fenix \u2013 Boka bord \u2013 G\u00f6tgatan 40 i Stockholm\" \/>\n<meta property=\"og:description\" content=\"Riche Fenix \u00e4r en bar och restaurang som ligger p\u00e5 G\u00f6tgatan 40. Hit \u00e4r det enkelt att ta sig och du kommer sannolikt aldrig vilja g\u00e5 hem.\" \/>\n<meta property=\"og:url\" content=\"https:\/\/riche-dev.wetail.dev\/fenix\/\" \/>\n<meta property=\"og:site_name\" content=\"Riche Fenix\" \/>\n<meta property=\"article:modified_time\" content=\"2026-02-27T14:18:35+00:00\" \/>\n<meta property=\"og:image\" content=\"https:\/\/riche-dev.wetail.dev\/fenix\/wp-content\/uploads\/sites\/3\/sites\/3\/2025\/09\/brunch-fenix-webb.jpg\" \/>\n<meta name=\"twitter:card\" content=\"summary_large_image\" \/>\n<meta name=\"twitter:label1\" content=\"Ber\u00e4knad l\u00e4stid\" \/>\n\t<meta name=\"twitter:data1\" content=\"6 minuter\" \/>\n<script type=\"application\/ld+json\" class=\"yoast-schema-graph\">{\"@context\":\"https:\\\/\\\/schema.org\",\"@graph\":[{\"@type\":\"WebPage\",\"@id\":\"https:\\\/\\\/riche-dev.wetail.dev\\\/fenix\\\/\",\"url\":\"https:\\\/\\\/riche-dev.wetail.dev\\\/fenix\\\/\",\"name\":\"Riche Fenix \u2013 Boka bord \u2013 G\u00f6tgatan 40 i Stockholm\",\"isPartOf\":{\"@id\":\"https:\\\/\\\/riche-dev.wetail.dev\\\/fenix\\\/#website\"},\"primaryImageOfPage\":{\"@id\":\"https:\\\/\\\/riche-dev.wetail.dev\\\/fenix\\\/#primaryimage\"},\"image\":{\"@id\":\"https:\\\/\\\/riche-dev.wetail.dev\\\/fenix\\\/#primaryimage\"},\"thumbnailUrl\":\"https:\\\/\\\/riche-dev.wetail.dev\\\/fenix\\\/wp-content\\\/uploads\\\/sites\\\/3\\\/sites\\\/3\\\/2025\\\/09\\\/brunch-fenix-webb.jpg\",\"datePublished\":\"2022-03-09T13:49:58+00:00\",\"dateModified\":\"2026-02-27T14:18:35+00:00\",\"description\":\"Riche Fenix \u00e4r en bar och restaurang som ligger p\u00e5 G\u00f6tgatan 40. Hit \u00e4r det enkelt att ta sig och du kommer sannolikt aldrig vilja g\u00e5 hem.\",\"breadcrumb\":{\"@id\":\"https:\\\/\\\/riche-dev.wetail.dev\\\/fenix\\\/#breadcrumb\"},\"inLanguage\":\"sv-SE\",\"potentialAction\":[{\"@type\":\"ReadAction\",\"target\":[\"https:\\\/\\\/riche-dev.wetail.dev\\\/fenix\\\/\"]}]},{\"@type\":\"ImageObject\",\"inLanguage\":\"sv-SE\",\"@id\":\"https:\\\/\\\/riche-dev.wetail.dev\\\/fenix\\\/#primaryimage\",\"url\":\"https:\\\/\\\/riche-dev.wetail.dev\\\/fenix\\\/wp-content\\\/uploads\\\/sites\\\/3\\\/sites\\\/3\\\/2025\\\/09\\\/brunch-fenix-webb.jpg\",\"contentUrl\":\"https:\\\/\\\/riche-dev.wetail.dev\\\/fenix\\\/wp-content\\\/uploads\\\/sites\\\/3\\\/sites\\\/3\\\/2025\\\/09\\\/brunch-fenix-webb.jpg\",\"width\":800,\"height\":500,\"caption\":\"Brunch p\u00e5 Riche Fenix i Stockholm \u2013 Croque Madamde\"},{\"@type\":\"BreadcrumbList\",\"@id\":\"https:\\\/\\\/riche-dev.wetail.dev\\\/fenix\\\/#breadcrumb\",\"itemListElement\":[{\"@type\":\"ListItem\",\"position\":1,\"name\":\"Home\",\"item\":\"https:\\\/\\\/riche-dev.wetail.dev\\\/fenix\\\/\"},{\"@type\":\"ListItem\",\"position\":2,\"name\":\"Hem\"}]},{\"@type\":\"WebSite\",\"@id\":\"https:\\\/\\\/riche-dev.wetail.dev\\\/fenix\\\/#website\",\"url\":\"https:\\\/\\\/riche-dev.wetail.dev\\\/fenix\\\/\",\"name\":\"Riche Fenix\",\"description\":\"\",\"publisher\":{\"@id\":\"https:\\\/\\\/riche-dev.wetail.dev\\\/fenix\\\/#organization\"},\"potentialAction\":[{\"@type\":\"SearchAction\",\"target\":{\"@type\":\"EntryPoint\",\"urlTemplate\":\"https:\\\/\\\/riche-dev.wetail.dev\\\/fenix\\\/?s={search_term_string}\"},\"query-input\":{\"@type\":\"PropertyValueSpecification\",\"valueRequired\":true,\"valueName\":\"search_term_string\"}}],\"inLanguage\":\"sv-SE\"},{\"@type\":\"Organization\",\"@id\":\"https:\\\/\\\/riche-dev.wetail.dev\\\/fenix\\\/#organization\",\"name\":\"Riche Fenix\",\"url\":\"https:\\\/\\\/riche-dev.wetail.dev\\\/fenix\\\/\",\"logo\":{\"@type\":\"ImageObject\",\"inLanguage\":\"sv-SE\",\"@id\":\"https:\\\/\\\/riche-dev.wetail.dev\\\/fenix\\\/#\\\/schema\\\/logo\\\/image\\\/\",\"url\":\"https:\\\/\\\/riche-dev.wetail.dev\\\/fenix\\\/wp-content\\\/uploads\\\/sites\\\/3\\\/sites\\\/3\\\/2022\\\/08\\\/cropped-cropped-cropped-Riche-Fenix_Symbol_RGB_Black_Round-e1660316695957.png\",\"contentUrl\":\"https:\\\/\\\/riche-dev.wetail.dev\\\/fenix\\\/wp-content\\\/uploads\\\/sites\\\/3\\\/sites\\\/3\\\/2022\\\/08\\\/cropped-cropped-cropped-Riche-Fenix_Symbol_RGB_Black_Round-e1660316695957.png\",\"width\":512,\"height\":512,\"caption\":\"Riche Fenix\"},\"image\":{\"@id\":\"https:\\\/\\\/riche-dev.wetail.dev\\\/fenix\\\/#\\\/schema\\\/logo\\\/image\\\/\"}}]}<\/script>\n<!-- \/ Yoast SEO plugin. -->","yoast_head_json":{"title":"Riche Fenix \u2013 Boka bord \u2013 G\u00f6tgatan 40 i Stockholm","description":"Riche Fenix \u00e4r en bar och restaurang som ligger p\u00e5 G\u00f6tgatan 40. Hit \u00e4r det enkelt att ta sig och du kommer sannolikt aldrig vilja g\u00e5 hem.","robots":{"index":"noindex","follow":"follow","max-snippet":"max-snippet:-1","max-image-preview":"max-image-preview:large","max-video-preview":"max-video-preview:-1"},"og_locale":"sv_SE","og_type":"article","og_title":"Riche Fenix \u2013 Boka bord \u2013 G\u00f6tgatan 40 i Stockholm","og_description":"Riche Fenix \u00e4r en bar och restaurang som ligger p\u00e5 G\u00f6tgatan 40. Hit \u00e4r det enkelt att ta sig och du kommer sannolikt aldrig vilja g\u00e5 hem.","og_url":"https:\/\/riche-dev.wetail.dev\/fenix\/","og_site_name":"Riche Fenix","article_modified_time":"2026-02-27T14:18:35+00:00","og_image":[{"url":"https:\/\/riche-dev.wetail.dev\/fenix\/wp-content\/uploads\/sites\/3\/sites\/3\/2025\/09\/brunch-fenix-webb.jpg","type":"","width":"","height":""}],"twitter_card":"summary_large_image","twitter_misc":{"Ber\u00e4knad l\u00e4stid":"6 minuter"},"schema":{"@context":"https:\/\/schema.org","@graph":[{"@type":"WebPage","@id":"https:\/\/riche-dev.wetail.dev\/fenix\/","url":"https:\/\/riche-dev.wetail.dev\/fenix\/","name":"Riche Fenix \u2013 Boka bord \u2013 G\u00f6tgatan 40 i Stockholm","isPartOf":{"@id":"https:\/\/riche-dev.wetail.dev\/fenix\/#website"},"primaryImageOfPage":{"@id":"https:\/\/riche-dev.wetail.dev\/fenix\/#primaryimage"},"image":{"@id":"https:\/\/riche-dev.wetail.dev\/fenix\/#primaryimage"},"thumbnailUrl":"https:\/\/riche-dev.wetail.dev\/fenix\/wp-content\/uploads\/sites\/3\/sites\/3\/2025\/09\/brunch-fenix-webb.jpg","datePublished":"2022-03-09T13:49:58+00:00","dateModified":"2026-02-27T14:18:35+00:00","description":"Riche Fenix \u00e4r en bar och restaurang som ligger p\u00e5 G\u00f6tgatan 40. Hit \u00e4r det enkelt att ta sig och du kommer sannolikt aldrig vilja g\u00e5 hem.","breadcrumb":{"@id":"https:\/\/riche-dev.wetail.dev\/fenix\/#breadcrumb"},"inLanguage":"sv-SE","potentialAction":[{"@type":"ReadAction","target":["https:\/\/riche-dev.wetail.dev\/fenix\/"]}]},{"@type":"ImageObject","inLanguage":"sv-SE","@id":"https:\/\/riche-dev.wetail.dev\/fenix\/#primaryimage","url":"https:\/\/riche-dev.wetail.dev\/fenix\/wp-content\/uploads\/sites\/3\/sites\/3\/2025\/09\/brunch-fenix-webb.jpg","contentUrl":"https:\/\/riche-dev.wetail.dev\/fenix\/wp-content\/uploads\/sites\/3\/sites\/3\/2025\/09\/brunch-fenix-webb.jpg","width":800,"height":500,"caption":"Brunch p\u00e5 Riche Fenix i Stockholm \u2013 Croque Madamde"},{"@type":"BreadcrumbList","@id":"https:\/\/riche-dev.wetail.dev\/fenix\/#breadcrumb","itemListElement":[{"@type":"ListItem","position":1,"name":"Home","item":"https:\/\/riche-dev.wetail.dev\/fenix\/"},{"@type":"ListItem","position":2,"name":"Hem"}]},{"@type":"WebSite","@id":"https:\/\/riche-dev.wetail.dev\/fenix\/#website","url":"https:\/\/riche-dev.wetail.dev\/fenix\/","name":"Riche Fenix","description":"","publisher":{"@id":"https:\/\/riche-dev.wetail.dev\/fenix\/#organization"},"potentialAction":[{"@type":"SearchAction","target":{"@type":"EntryPoint","urlTemplate":"https:\/\/riche-dev.wetail.dev\/fenix\/?s={search_term_string}"},"query-input":{"@type":"PropertyValueSpecification","valueRequired":true,"valueName":"search_term_string"}}],"inLanguage":"sv-SE"},{"@type":"Organization","@id":"https:\/\/riche-dev.wetail.dev\/fenix\/#organization","name":"Riche Fenix","url":"https:\/\/riche-dev.wetail.dev\/fenix\/","logo":{"@type":"ImageObject","inLanguage":"sv-SE","@id":"https:\/\/riche-dev.wetail.dev\/fenix\/#\/schema\/logo\/image\/","url":"https:\/\/riche-dev.wetail.dev\/fenix\/wp-content\/uploads\/sites\/3\/sites\/3\/2022\/08\/cropped-cropped-cropped-Riche-Fenix_Symbol_RGB_Black_Round-e1660316695957.png","contentUrl":"https:\/\/riche-dev.wetail.dev\/fenix\/wp-content\/uploads\/sites\/3\/sites\/3\/2022\/08\/cropped-cropped-cropped-Riche-Fenix_Symbol_RGB_Black_Round-e1660316695957.png","width":512,"height":512,"caption":"Riche Fenix"},"image":{"@id":"https:\/\/riche-dev.wetail.dev\/fenix\/#\/schema\/logo\/image\/"}}]}},"_links":{"self":[{"href":"https:\/\/riche-dev.wetail.dev\/fenix\/wp-json\/wp\/v2\/pages\/12147","targetHints":{"allow":["GET"]}}],"collection":[{"href":"https:\/\/riche-dev.wetail.dev\/fenix\/wp-json\/wp\/v2\/pages"}],"about":[{"href":"https:\/\/riche-dev.wetail.dev\/fenix\/wp-json\/wp\/v2\/types\/page"}],"author":[{"embeddable":true,"href":"https:\/\/riche-dev.wetail.dev\/fenix\/wp-json\/wp\/v2\/users\/2"}],"replies":[{"embeddable":true,"href":"https:\/\/riche-dev.wetail.dev\/fenix\/wp-json\/wp\/v2\/comments?post=12147"}],"version-history":[{"count":6,"href":"https:\/\/riche-dev.wetail.dev\/fenix\/wp-json\/wp\/v2\/pages\/12147\/revisions"}],"predecessor-version":[{"id":16227,"href":"https:\/\/riche-dev.wetail.dev\/fenix\/wp-json\/wp\/v2\/pages\/12147\/revisions\/16227"}],"wp:attachment":[{"href":"https:\/\/riche-dev.wetail.dev\/fenix\/wp-json\/wp\/v2\/media?parent=12147"}],"curies":[{"name":"wp","href":"https:\/\/api.w.org\/{rel}","templated":true}]}}